{"id":96,"date":"2024-01-24T14:18:29","date_gmt":"2024-01-24T12:18:29","guid":{"rendered":"https:\/\/andere.eus\/?page_id=96"},"modified":"2024-04-03T13:23:00","modified_gmt":"2024-04-03T11:23:00","slug":"andere","status":"publish","type":"page","link":"https:\/\/andere.eus\/es\/","title":{"rendered":"Andere"},"content":{"rendered":"","protected":false},"excerpt":{"rendered":"","protected":false},"author":1,"featured_media":0,"parent":0,"menu_order":0,"comment_status":"closed","ping_status":"closed","template":"template-homepage.php","meta":{"_acf_changed":false,"footnotes":""},"class_list":["post-96","page","type-page","status-publish","hentry"],"acf":[],"yoast_head":"<!-- This site is optimized with the Yoast SEO plugin v24.8.1 - https:\/\/yoast.com\/wordpress\/plugins\/seo\/ -->\n<title>Andere | Productos profesionales de peluquer\u00eda y est\u00e9tica<\/title>\n<meta name=\"description\" content=\"Andere es tu destino confiable para productos profesionales de peluquer\u00eda y est\u00e9tica, con m\u00e1s de dos d\u00e9cadas de experiencia en el sector.\" \/>\n<meta name=\"robots\" content=\"index, follow, max-snippet:-1, max-image-preview:large, max-video-preview:-1\" \/>\n<link rel=\"canonical\" href=\"https:\/\/andere.eus\/es\/\" \/>\n<meta property=\"og:locale\" content=\"es_ES\" \/>\n<meta property=\"og:type\" content=\"article\" \/>\n<meta property=\"og:title\" content=\"Andere | Productos profesionales de peluquer\u00eda y est\u00e9tica\" \/>\n<meta property=\"og:description\" content=\"Andere es tu destino confiable para productos profesionales de peluquer\u00eda y est\u00e9tica, con m\u00e1s de dos d\u00e9cadas de experiencia en el sector.\" \/>\n<meta property=\"og:url\" content=\"https:\/\/andere.eus\/es\/\" \/>\n<meta property=\"og:site_name\" content=\"Andere ilerako produktu profesionalak\" \/>\n<meta property=\"article:modified_time\" content=\"2024-04-03T11:23:00+00:00\" \/>\n<meta name=\"twitter:card\" content=\"summary_large_image\" \/>\n<script type=\"application\/ld+json\" class=\"yoast-schema-graph\">{\"@context\":\"https:\/\/schema.org\",\"@graph\":[{\"@type\":\"WebPage\",\"@id\":\"https:\/\/andere.eus\/es\/\",\"url\":\"https:\/\/andere.eus\/es\/\",\"name\":\"Andere | Productos profesionales de peluquer\u00eda y est\u00e9tica\",\"isPartOf\":{\"@id\":\"https:\/\/andere.eus\/es\/#website\"},\"datePublished\":\"2024-01-24T12:18:29+00:00\",\"dateModified\":\"2024-04-03T11:23:00+00:00\",\"description\":\"Andere es tu destino confiable para productos profesionales de peluquer\u00eda y est\u00e9tica, con m\u00e1s de dos d\u00e9cadas de experiencia en el sector.\",\"breadcrumb\":{\"@id\":\"https:\/\/andere.eus\/es\/#breadcrumb\"},\"inLanguage\":\"es\",\"potentialAction\":[{\"@type\":\"ReadAction\",\"target\":[\"https:\/\/andere.eus\/es\/\"]}]},{\"@type\":\"BreadcrumbList\",\"@id\":\"https:\/\/andere.eus\/es\/#breadcrumb\",\"itemListElement\":[{\"@type\":\"ListItem\",\"position\":1,\"name\":\"Home\",\"item\":\"https:\/\/andere.eus\/es\/\"},{\"@type\":\"ListItem\",\"position\":2,\"name\":\"Andere\"}]},{\"@type\":\"WebSite\",\"@id\":\"https:\/\/andere.eus\/es\/#website\",\"url\":\"https:\/\/andere.eus\/es\/\",\"name\":\"Andere ilerako produktu profesionalak\",\"description\":\"\",\"publisher\":{\"@id\":\"https:\/\/andere.eus\/es\/#organization\"},\"potentialAction\":[{\"@type\":\"SearchAction\",\"target\":{\"@type\":\"EntryPoint\",\"urlTemplate\":\"https:\/\/andere.eus\/es\/?s={search_term_string}\"},\"query-input\":{\"@type\":\"PropertyValueSpecification\",\"valueRequired\":true,\"valueName\":\"search_term_string\"}}],\"inLanguage\":\"es\"},{\"@type\":\"Organization\",\"@id\":\"https:\/\/andere.eus\/es\/#organization\",\"name\":\"Andere ilerako produktu profesionalak\",\"url\":\"https:\/\/andere.eus\/es\/\",\"logo\":{\"@type\":\"ImageObject\",\"inLanguage\":\"es\",\"@id\":\"https:\/\/andere.eus\/es\/#\/schema\/logo\/image\/\",\"url\":\"https:\/\/andere.eus\/wp-content\/uploads\/2024\/01\/Logo-andere.png\",\"contentUrl\":\"https:\/\/andere.eus\/wp-content\/uploads\/2024\/01\/Logo-andere.png\",\"width\":276,\"height\":128,\"caption\":\"Andere ilerako produktu profesionalak\"},\"image\":{\"@id\":\"https:\/\/andere.eus\/es\/#\/schema\/logo\/image\/\"}}]}<\/script>\n<!-- \/ Yoast SEO plugin. -->","yoast_head_json":{"title":"Andere | Productos profesionales de peluquer\u00eda y est\u00e9tica","description":"Andere es tu destino confiable para productos profesionales de peluquer\u00eda y est\u00e9tica, con m\u00e1s de dos d\u00e9cadas de experiencia en el sector.","robots":{"index":"index","follow":"follow","max-snippet":"max-snippet:-1","max-image-preview":"max-image-preview:large","max-video-preview":"max-video-preview:-1"},"canonical":"https:\/\/andere.eus\/es\/","og_locale":"es_ES","og_type":"article","og_title":"Andere | Productos profesionales de peluquer\u00eda y est\u00e9tica","og_description":"Andere es tu destino confiable para productos profesionales de peluquer\u00eda y est\u00e9tica, con m\u00e1s de dos d\u00e9cadas de experiencia en el sector.","og_url":"https:\/\/andere.eus\/es\/","og_site_name":"Andere ilerako produktu profesionalak","article_modified_time":"2024-04-03T11:23:00+00:00","twitter_card":"summary_large_image","schema":{"@context":"https:\/\/schema.org","@graph":[{"@type":"WebPage","@id":"https:\/\/andere.eus\/es\/","url":"https:\/\/andere.eus\/es\/","name":"Andere | Productos profesionales de peluquer\u00eda y est\u00e9tica","isPartOf":{"@id":"https:\/\/andere.eus\/es\/#website"},"datePublished":"2024-01-24T12:18:29+00:00","dateModified":"2024-04-03T11:23:00+00:00","description":"Andere es tu destino confiable para productos profesionales de peluquer\u00eda y est\u00e9tica, con m\u00e1s de dos d\u00e9cadas de experiencia en el sector.","breadcrumb":{"@id":"https:\/\/andere.eus\/es\/#breadcrumb"},"inLanguage":"es","potentialAction":[{"@type":"ReadAction","target":["https:\/\/andere.eus\/es\/"]}]},{"@type":"BreadcrumbList","@id":"https:\/\/andere.eus\/es\/#breadcrumb","itemListElement":[{"@type":"ListItem","position":1,"name":"Home","item":"https:\/\/andere.eus\/es\/"},{"@type":"ListItem","position":2,"name":"Andere"}]},{"@type":"WebSite","@id":"https:\/\/andere.eus\/es\/#website","url":"https:\/\/andere.eus\/es\/","name":"Andere ilerako produktu profesionalak","description":"","publisher":{"@id":"https:\/\/andere.eus\/es\/#organization"},"potentialAction":[{"@type":"SearchAction","target":{"@type":"EntryPoint","urlTemplate":"https:\/\/andere.eus\/es\/?s={search_term_string}"},"query-input":{"@type":"PropertyValueSpecification","valueRequired":true,"valueName":"search_term_string"}}],"inLanguage":"es"},{"@type":"Organization","@id":"https:\/\/andere.eus\/es\/#organization","name":"Andere ilerako produktu profesionalak","url":"https:\/\/andere.eus\/es\/","logo":{"@type":"ImageObject","inLanguage":"es","@id":"https:\/\/andere.eus\/es\/#\/schema\/logo\/image\/","url":"https:\/\/andere.eus\/wp-content\/uploads\/2024\/01\/Logo-andere.png","contentUrl":"https:\/\/andere.eus\/wp-content\/uploads\/2024\/01\/Logo-andere.png","width":276,"height":128,"caption":"Andere ilerako produktu profesionalak"},"image":{"@id":"https:\/\/andere.eus\/es\/#\/schema\/logo\/image\/"}}]}},"_links":{"self":[{"href":"https:\/\/andere.eus\/es\/wp-json\/wp\/v2\/pages\/96","targetHints":{"allow":["GET"]}}],"collection":[{"href":"https:\/\/andere.eus\/es\/wp-json\/wp\/v2\/pages"}],"about":[{"href":"https:\/\/andere.eus\/es\/wp-json\/wp\/v2\/types\/page"}],"author":[{"embeddable":true,"href":"https:\/\/andere.eus\/es\/wp-json\/wp\/v2\/users\/1"}],"replies":[{"embeddable":true,"href":"https:\/\/andere.eus\/es\/wp-json\/wp\/v2\/comments?post=96"}],"version-history":[{"count":4,"href":"https:\/\/andere.eus\/es\/wp-json\/wp\/v2\/pages\/96\/revisions"}],"predecessor-version":[{"id":215,"href":"https:\/\/andere.eus\/es\/wp-json\/wp\/v2\/pages\/96\/revisions\/215"}],"wp:attachment":[{"href":"https:\/\/andere.eus\/es\/wp-json\/wp\/v2\/media?parent=96"}],"curies":[{"name":"wp","href":"https:\/\/api.w.org\/{rel}","templated":true}]}}